{"id":4382,"date":"2021-03-04T18:15:53","date_gmt":"2021-03-04T17:15:53","guid":{"rendered":"https:\/\/serengeti.pepwebdigital.hr\/?page_id=4382"},"modified":"2021-04-16T10:41:34","modified_gmt":"2021-04-16T08:41:34","slug":"devops","status":"publish","type":"page","link":"https:\/\/serengetitech.com\/de\/devops\/","title":{"rendered":"DevOps"},"content":{"rendered":"<h2 class=\"has-text-align-left eplus-w6kpRR text-fade-up wp-block-heading\"><span style=\"color:#13181e\" class=\"has-inline-color\">Werden Sie agiler und schneller mit einer Transformation der Entwicklung und Lieferung von Dienstleistungen<\/span><\/h2>\n\n\n<style>.wp-block-kadence-spacer.kt-block-spacer-_e13674-97 .kt-block-spacer{height:16px;}.wp-block-kadence-spacer.kt-block-spacer-_e13674-97 .kt-divider{border-top-width:1px;height:1px;border-top-color:#eee;width:80%;border-top-style:solid;}<\/style>\n<div class=\"wp-block-kadence-spacer aligncenter kt-block-spacer-_e13674-97\"><div class=\"kt-block-spacer kt-block-spacer-halign-center\"><\/div><\/div>\n\n\n<p class=\"has-text-align-left eplus-YJDc7Q text-fade-up text-guten-center eplus-styles-uid-fe3c8c\">Traditionell sind f\u00fcr die Produktentwicklung, Produktpr\u00fcfung und QA drei verschiedene organisatorische Teams zust\u00e4ndig. Diese Teams werden nach einer spezifischen Expertise gruppiert in: Entwickler, Test-Ingenieure und Operations-Teams. Ihre Zust\u00e4ndigkeit ist pr\u00e4zise definiert. Obwohl eine strenge Trennung der Arbeit positiv scheinen k\u00f6nnte, sie f\u00fchrt oft zur unzureichenden Zusammenarbeit und schlechten Kommunikation.<\/p>\n\n\n<div style=\"height:32px\" aria-hidden=\"true\" class=\"eplus-LnYaCi wp-block-spacer eplus-wrapper\"><\/div>\n\n\n\n<h2 class=\"eplus-OIO1T6 text-fade-up wp-block-heading\"><strong>Prinzipien, die Development (Dev) und IT-Operations (Ops) vereinen<\/strong><\/h2>\n\n\n<style>.wp-block-kadence-spacer.kt-block-spacer-_e13674-97 .kt-block-spacer{height:16px;}.wp-block-kadence-spacer.kt-block-spacer-_e13674-97 .kt-divider{border-top-width:1px;height:1px;border-top-color:#eee;width:80%;border-top-style:solid;}<\/style>\n<div class=\"wp-block-kadence-spacer aligncenter kt-block-spacer-_e13674-97\"><div class=\"kt-block-spacer kt-block-spacer-halign-center\"><\/div><\/div>\n\n\n\n<p class=\"eplus-L3McCi text-fade-up text-guten-center\">Die Einf\u00fchrung von DevOps ver\u00e4ndert die Lieferung von Software, indem DevOps zur Norm unterschiedlicher Industrien wird.<\/p>\n\n\n\n<p class=\"eplus-XkWuJS text-fade-up text-guten-center\">Gew\u00f6hnliche Gr\u00fcnde f\u00fcr eine DevOps-Implementierung:<\/p>\n\n\n<ul class=\"eplus-OpSKJ8 text-fade-up text-guten-center wp-block-list eplus-styles-uid-30ea95\"><li>Verbesserte Zusammenarbeit und Kommunikation der Teams<\/li><li>Schnelleres Ausliefern<\/li><li>Mehr Zeit f\u00fcr Innovation<\/li><\/ul>\n\n\n<h3 class=\"has-text-align-center eplus-touTxU wp-block-heading\">Sehen Sie sich unser Whitepaper an, um die Antwort auf folgende Fragen zu erfahren: <\/h3>\n\n\n\n<p class=\"text-fade-up text-guten-center eplus-1Fmnci\">Was ist der Zweck von DevOps? <br>Was sind die drei Hauptkomponenten f\u00fcr eine erfolgreiche Implementierung von DevOps? <br>Was ist die Beziehung zwischen DevOps und Agile? <br>Was ist der DevOps-Lifecycle und welche Vorteile bietet er in Branchen au\u00dferhalb der Technologie?<\/p>\n\n\n<div class=\"wp-block-group eplus-wrapper eplus-styles-uid-ab31f6\"><div class=\"wp-block-group__inner-container is-layout-constrained wp-block-group-is-layout-constrained\"><p class=\"button--filled-green has-text-align-center eplus-wrapper eplus-styles-uid-240ec3\"><a href=\"https:\/\/serengetitech.com\/wp-content\/uploads\/2025\/11\/Serengeti-DevOps-WP-N.pdf\" data-type=\"link\" data-id=\"https:\/\/serengetitech.com\/wp-content\/uploads\/2025\/12\/Serengeti_Microservices_CL.pdf\">Lade das DevOps-Whitepaper herunter<\/a><\/p><\/div><\/div>\n\n\n<div style=\"height:32px\" aria-hidden=\"true\" class=\"eplus-LnYaCi wp-block-spacer eplus-wrapper\"><\/div>\n\n\n\n<h2 class=\"eplus-xpgXJO text-fade-up wp-block-heading\">Unsere Expertise<\/h2>\n\n\n<style>.wp-block-kadence-spacer.kt-block-spacer-_e13674-97 .kt-block-spacer{height:16px;}.wp-block-kadence-spacer.kt-block-spacer-_e13674-97 .kt-divider{border-top-width:1px;height:1px;border-top-color:#eee;width:80%;border-top-style:solid;}<\/style>\n<div class=\"wp-block-kadence-spacer aligncenter kt-block-spacer-_e13674-97\"><div class=\"kt-block-spacer kt-block-spacer-halign-center\"><\/div><\/div>\n\n\n\n<p class=\"eplus-cSADXJ text-fade-up text-guten-center\">Wir haben breite technische Fachkenntnisse, die wir einsetzen, um unsere Klienten zu beraten und Ihnen zu helfen, Innovationen zu implementieren.<\/p>\n\n\n\n<p class=\"eplus-h5OrHa text-fade-up text-guten-center\">Unsere Erfahrung mit der Implementierung von unternehmensweiten Linux- und Windows-basierten End-to-End-DevOps-L\u00f6sungen macht uns zu einem wertvollem Consulting- und Implementierungs-Partner.<\/p>\n\n\n<style>.wp-block-kadence-column.kb-section-dir-horizontal > .kt-inside-inner-col > #kt-info-box_4212ad-07 .kt-blocks-info-box-link-wrap{max-width:unset;}#kt-info-box_4212ad-07 .kt-blocks-info-box-link-wrap{border-radius:20px;border-top-width:1px;border-right-width:1px;border-bottom-width:1px;border-left-width:1px;background:#ffffff;padding-top:24px;padding-right:24px;padding-bottom:24px;padding-left:24px;margin-top:50px;}#kt-info-box_4212ad-07 .kt-blocks-info-box-link-wrap:hover{background:#ffffff;}#kt-info-box_4212ad-07 .kadence-info-box-icon-container .kt-info-svg-icon, #kt-info-box_4212ad-07 .kt-info-svg-icon-flip, #kt-info-box_4212ad-07 .kt-blocks-info-box-number{font-size:50px;}#kt-info-box_4212ad-07 .kt-blocks-info-box-media{color:#43c8a0;background:#ffffff;border-color:#43c8a0;border-radius:200px;overflow:hidden;border-top-width:5px;border-right-width:5px;border-bottom-width:5px;border-left-width:5px;padding-top:20px;padding-right:20px;padding-bottom:20px;padding-left:20px;}#kt-info-box_4212ad-07 .kt-blocks-info-box-media-container{margin-top:-75px;margin-right:0px;margin-bottom:20px;margin-left:0px;}#kt-info-box_4212ad-07 .kt-blocks-info-box-media .kadence-info-box-image-intrisic img{border-radius:200px;}#kt-info-box_4212ad-07 .kt-blocks-info-box-link-wrap:hover .kt-blocks-info-box-media{color:#e3d600;background:#ffffff;border-color:#e3d600;}#kt-info-box_4212ad-07 .kt-blocks-info-box-link-wrap .kt-blocks-info-box-media{border-width:0px;box-shadow:inset 0 0 0 5px #43c8a0;}#kt-info-box_4212ad-07 .kt-blocks-info-box-link-wrap .kt-blocks-info-box-media:before, #kt-info-box_4212ad-07 .kt-blocks-info-box-link-wrap .kt-blocks-info-box-media:after{border-radius:200px;}#kt-info-box_4212ad-07 .kt-blocks-info-box-link-wrap .kt-blocks-info-box-media:before{border-width:5px;}#kt-info-box_4212ad-07 .kt-blocks-info-box-link-wrap:hover .kt-blocks-info-box-media:after{border-right-color:#e3d600;border-right-width:5px;border-top-width:5px;border-bottom-width:5px;}#kt-info-box_4212ad-07 .kt-blocks-info-box-link-wrap:hover .kt-blocks-info-box-media:before{border-top-color:#e3d600;border-right-color:#e3d600;border-bottom-color:#e3d600;}#kt-info-box_4212ad-07 .kt-infobox-textcontent h3.kt-blocks-info-box-title{padding-top:0px;padding-right:0px;padding-bottom:0px;padding-left:0px;margin-top:5px;margin-right:0px;margin-bottom:10px;margin-left:0px;}#kt-info-box_4212ad-07 .kt-blocks-info-box-learnmore{background:transparent;border-width:0px 0px 0px 0px;padding-top:4px;padding-right:8px;padding-bottom:4px;padding-left:8px;margin-top:10px;margin-right:0px;margin-bottom:10px;margin-left:0px;}<\/style>\n<div id=\"kt-info-box_4212ad-07\" class=\"wp-block-kadence-infobox text-guten-center\"><a class=\"kt-blocks-info-box-link-wrap info-box-link kt-blocks-info-box-media-align-top kt-info-halign-center\" href=\"https:\/\/serengetitech.com\/wp-content\/uploads\/2020\/12\/Serengeti-Swissphone-Case-Study_DevOps-implementation-for-improved-business-agility.pdf\"><div class=\"kt-blocks-info-box-media-container\"><div class=\"kt-blocks-info-box-media kt-info-media-animate-drawborder\"><div class=\"kadence-info-box-icon-container kt-info-icon-animate-drawborder\"><div class=\"kadence-info-box-icon-inner-container\"><span style=\"display:block;justify-content:center;align-items:center\" class=\"kt-info-svg-icon kt-info-svg-icon-fas_file-download\"><svg style=\"display:inline-block;vertical-align:middle\" viewbox=\"0 0 384 512\" height=\"50\" width=\"50\" fill=\"currentColor\" xmlns=\"http:\/\/www.w3.org\/2000\/svg\"><path d=\"M224 136V0H24C10.7 0 0 10.7 0 24v464c0 13.3 10.7 24 24 24h336c13.3 0 24-10.7 24-24V160H248c-13.2 0-24-10.8-24-24zm76.45 211.36l-96.42 95.7c-6.65 6.61-17.39 6.61-24.04 0l-96.42-95.7C73.42 337.29 80.54 320 94.82 320H160v-80c0-8.84 7.16-16 16-16h32c8.84 0 16 7.16 16 16v80h65.18c14.28 0 21.4 17.29 11.27 27.36zM377 105L279.1 7c-4.5-4.5-10.6-7-17-7H256v128h128v-6.1c0-6.3-2.5-12.4-7-16.9z\"><\/path><\/svg><\/span><\/div><\/div><\/div><\/div><div class=\"kt-infobox-textcontent\"><h3 class=\"kt-blocks-info-box-title\">Fallstudie<\/h3><p class=\"kt-blocks-info-box-text\">Swissphone nutzte DevOps, um ihre Flexibilit\u00e4t zu verbessern und moderne Technologien anzuwenden.<\/p><\/div><\/a><\/div>\n\n\n<style>.wp-block-kadence-spacer.kt-block-spacer-_e13674-97 .kt-block-spacer{height:16px;}.wp-block-kadence-spacer.kt-block-spacer-_e13674-97 .kt-divider{border-top-width:1px;height:1px;border-top-color:#eee;width:80%;border-top-style:solid;}<\/style>\n<div class=\"wp-block-kadence-spacer aligncenter kt-block-spacer-_e13674-97\"><div class=\"kt-block-spacer kt-block-spacer-halign-center\"><\/div><\/div>\n\n\n<style>.wp-block-kadence-column.kb-section-dir-horizontal > .kt-inside-inner-col > #kt-info-box_6b1099-60 .kt-blocks-info-box-link-wrap{max-width:unset;}#kt-info-box_6b1099-60 .kt-blocks-info-box-link-wrap{border-radius:20px;border-top-width:1px;border-right-width:1px;border-bottom-width:1px;border-left-width:1px;background:#ffffff;padding-top:24px;padding-right:24px;padding-bottom:24px;padding-left:24px;margin-top:50px;}#kt-info-box_6b1099-60 .kt-blocks-info-box-link-wrap:hover{background:#ffffff;}#kt-info-box_6b1099-60 .kadence-info-box-icon-container .kt-info-svg-icon, #kt-info-box_6b1099-60 .kt-info-svg-icon-flip, #kt-info-box_6b1099-60 .kt-blocks-info-box-number{font-size:50px;}#kt-info-box_6b1099-60 .kt-blocks-info-box-media{color:#43c8a0;background:#ffffff;border-color:#43c8a0;border-radius:200px;overflow:hidden;border-top-width:5px;border-right-width:5px;border-bottom-width:5px;border-left-width:5px;padding-top:20px;padding-right:20px;padding-bottom:20px;padding-left:20px;}#kt-info-box_6b1099-60 .kt-blocks-info-box-media-container{margin-top:-75px;margin-right:0px;margin-bottom:20px;margin-left:0px;}#kt-info-box_6b1099-60 .kt-blocks-info-box-media .kadence-info-box-image-intrisic img{border-radius:200px;}#kt-info-box_6b1099-60 .kt-blocks-info-box-link-wrap:hover .kt-blocks-info-box-media{color:#e3d600;background:#ffffff;border-color:#e3d600;}#kt-info-box_6b1099-60 .kt-infobox-textcontent h3.kt-blocks-info-box-title{color:#393335;padding-top:0px;padding-right:0px;padding-bottom:0px;padding-left:0px;margin-top:5px;margin-right:0px;margin-bottom:10px;margin-left:0px;}#kt-info-box_6b1099-60 .kt-blocks-info-box-learnmore{background:transparent;border-width:0px 0px 0px 0px;padding-top:4px;padding-right:8px;padding-bottom:4px;padding-left:8px;margin-top:10px;margin-right:0px;margin-bottom:10px;margin-left:0px;}<\/style>\n<div id=\"kt-info-box_6b1099-60\" class=\"wp-block-kadence-infobox text-guten-center\"><a class=\"kt-blocks-info-box-link-wrap info-box-link kt-blocks-info-box-media-align-top kt-info-halign-center\" href=\"https:\/\/serengetitech.com\/de\/uber-uns\/case-studies-and-client-testimonials\/mpsi-devops-principles-for-accelerated-business-growth\/\"><div class=\"kt-blocks-info-box-media-container\"><div class=\"kt-blocks-info-box-media kt-info-media-animate-none\"><div class=\"kadence-info-box-icon-container kt-info-icon-animate-none\"><div class=\"kadence-info-box-icon-inner-container\"><span style=\"display:block;justify-content:center;align-items:center\" class=\"kt-info-svg-icon kt-info-svg-icon-fas_book-reader\"><svg style=\"display:inline-block;vertical-align:middle\" viewbox=\"0 0 512 512\" height=\"50\" width=\"50\" fill=\"currentColor\" xmlns=\"http:\/\/www.w3.org\/2000\/svg\"><path d=\"M352 96c0-53.02-42.98-96-96-96s-96 42.98-96 96 42.98 96 96 96 96-42.98 96-96zM233.59 241.1c-59.33-36.32-155.43-46.3-203.79-49.05C13.55 191.13 0 203.51 0 219.14v222.8c0 14.33 11.59 26.28 26.49 27.05 43.66 2.29 131.99 10.68 193.04 41.43 9.37 4.72 20.48-1.71 20.48-11.87V252.56c-.01-4.67-2.32-8.95-6.42-11.46zm248.61-49.05c-48.35 2.74-144.46 12.73-203.78 49.05-4.1 2.51-6.41 6.96-6.41 11.63v245.79c0 10.19 11.14 16.63 20.54 11.9 61.04-30.72 149.32-39.11 192.97-41.4 14.9-.78 26.49-12.73 26.49-27.06V219.14c-.01-15.63-13.56-28.01-29.81-27.09z\"><\/path><\/svg><\/span><\/div><\/div><\/div><\/div><div class=\"kt-infobox-textcontent\"><h3 class=\"kt-blocks-info-box-title\">Fallstudie<\/h3><p class=\"kt-blocks-info-box-text\">IoT steigert die Effizienz und er\u00f6ffnet neue Einnahmequellen<\/p><\/div><\/a><\/div>\n\n\n<style>.wp-block-kadence-spacer.kt-block-spacer-_e13674-97 .kt-block-spacer{height:16px;}.wp-block-kadence-spacer.kt-block-spacer-_e13674-97 .kt-divider{border-top-width:1px;height:1px;border-top-color:#eee;width:80%;border-top-style:solid;}<\/style>\n<div class=\"wp-block-kadence-spacer aligncenter kt-block-spacer-_e13674-97\"><div class=\"kt-block-spacer kt-block-spacer-halign-center\"><\/div><\/div>\n\n\n<style>.wp-block-kadence-column.kb-section-dir-horizontal > .kt-inside-inner-col > #kt-info-box_d7618f-bd .kt-blocks-info-box-link-wrap{max-width:unset;}#kt-info-box_d7618f-bd .kt-blocks-info-box-link-wrap{border-radius:20px;border-top-width:1px;border-right-width:1px;border-bottom-width:1px;border-left-width:1px;background:#ffffff;padding-top:24px;padding-right:24px;padding-bottom:24px;padding-left:24px;margin-top:50px;}#kt-info-box_d7618f-bd .kt-blocks-info-box-link-wrap:hover{background:#ffffff;}#kt-info-box_d7618f-bd .kadence-info-box-icon-container .kt-info-svg-icon, #kt-info-box_d7618f-bd .kt-info-svg-icon-flip, #kt-info-box_d7618f-bd .kt-blocks-info-box-number{font-size:50px;}#kt-info-box_d7618f-bd .kt-blocks-info-box-media{color:#43c8a0;background:#ffffff;border-color:#43c8a0;border-radius:200px;overflow:hidden;border-top-width:5px;border-right-width:5px;border-bottom-width:5px;border-left-width:5px;padding-top:20px;padding-right:20px;padding-bottom:20px;padding-left:20px;}#kt-info-box_d7618f-bd .kt-blocks-info-box-media-container{margin-top:-75px;margin-right:0px;margin-bottom:20px;margin-left:0px;}#kt-info-box_d7618f-bd .kt-blocks-info-box-media .kadence-info-box-image-intrisic img{border-radius:200px;}#kt-info-box_d7618f-bd .kt-blocks-info-box-link-wrap:hover .kt-blocks-info-box-media{color:#e3d600;background:#ffffff;border-color:#e3d600;}#kt-info-box_d7618f-bd .kt-infobox-textcontent h3.kt-blocks-info-box-title{padding-top:0px;padding-right:0px;padding-bottom:0px;padding-left:0px;margin-top:5px;margin-right:0px;margin-bottom:10px;margin-left:0px;}#kt-info-box_d7618f-bd .kt-blocks-info-box-learnmore{background:transparent;border-width:0px 0px 0px 0px;padding-top:4px;padding-right:8px;padding-bottom:4px;padding-left:8px;margin-top:10px;margin-right:0px;margin-bottom:10px;margin-left:0px;}<\/style>\n<div id=\"kt-info-box_d7618f-bd\" class=\"wp-block-kadence-infobox text-guten-center\"><a class=\"kt-blocks-info-box-link-wrap info-box-link kt-blocks-info-box-media-align-top kt-info-halign-center\" href=\"https:\/\/serengetitech.com\/de\/uber-uns\/case-studies-and-client-testimonials\/innovation-and-delivery-in-energy-industry\/\"><div class=\"kt-blocks-info-box-media-container\"><div class=\"kt-blocks-info-box-media kt-info-media-animate-none\"><div class=\"kadence-info-box-icon-container kt-info-icon-animate-none\"><div class=\"kadence-info-box-icon-inner-container\"><span style=\"display:block;justify-content:center;align-items:center\" class=\"kt-info-svg-icon kt-info-svg-icon-fas_book-reader\"><svg style=\"display:inline-block;vertical-align:middle\" viewbox=\"0 0 512 512\" height=\"50\" width=\"50\" fill=\"currentColor\" xmlns=\"http:\/\/www.w3.org\/2000\/svg\"><path d=\"M352 96c0-53.02-42.98-96-96-96s-96 42.98-96 96 42.98 96 96 96 96-42.98 96-96zM233.59 241.1c-59.33-36.32-155.43-46.3-203.79-49.05C13.55 191.13 0 203.51 0 219.14v222.8c0 14.33 11.59 26.28 26.49 27.05 43.66 2.29 131.99 10.68 193.04 41.43 9.37 4.72 20.48-1.71 20.48-11.87V252.56c-.01-4.67-2.32-8.95-6.42-11.46zm248.61-49.05c-48.35 2.74-144.46 12.73-203.78 49.05-4.1 2.51-6.41 6.96-6.41 11.63v245.79c0 10.19 11.14 16.63 20.54 11.9 61.04-30.72 149.32-39.11 192.97-41.4 14.9-.78 26.49-12.73 26.49-27.06V219.14c-.01-15.63-13.56-28.01-29.81-27.09z\"><\/path><\/svg><\/span><\/div><\/div><\/div><\/div><div class=\"kt-infobox-textcontent\"><h3 class=\"kt-blocks-info-box-title\">Fallstudie <\/h3><p class=\"kt-blocks-info-box-text\">Innovation und Lieferung im Energiesektor<\/p><\/div><\/a><\/div>\n\n\n<style>.wp-block-kadence-spacer.kt-block-spacer-_e13674-97 .kt-block-spacer{height:16px;}.wp-block-kadence-spacer.kt-block-spacer-_e13674-97 .kt-divider{border-top-width:1px;height:1px;border-top-color:#eee;width:80%;border-top-style:solid;}<\/style>\n<div class=\"wp-block-kadence-spacer aligncenter kt-block-spacer-_e13674-97\"><div class=\"kt-block-spacer kt-block-spacer-halign-center\"><\/div><\/div>\n\n\n\n<p class=\"eplus-5xVdv4 text-fade-up text-guten-center\">F\u00fcr mehr Beispiele daf\u00fcr, wie wir DevOps-Prinzipien und -Tools implementiert haben, um bessere Resultate zu erzielen, laden Sie unser Paper runter:<\/p>\n\n\n<div class=\"wp-block-group eplus-wrapper eplus-styles-uid-ab31f6\"><div class=\"wp-block-group__inner-container is-layout-constrained wp-block-group-is-layout-constrained\"><p class=\"button--filled-green has-text-align-center eplus-wrapper eplus-styles-uid-240ec3\"><a href=\"https:\/\/serengetitech.com\/wp-content\/uploads\/2025\/11\/Serengeti-DevOps-proof-WP-N.pdf\" data-type=\"link\" data-id=\"https:\/\/serengetitech.com\/wp-content\/uploads\/2025\/12\/Serengeti_Microservices_CL.pdf\">Proof of Expertise runterladen<\/a><\/p><\/div><\/div>","protected":false},"excerpt":{"rendered":"<p>Be More Agile and Faster by Transforming the Way You Develop and Deliver Services Traditionally, product development, testing, and QA were the responsibilities of three different organizational teams, grouped by specific expertise: developers, testing engineers, and the operations team. The responsibilities of each department have been precisely defined. Although it can be perceived as a [&hellip;]<\/p>\n","protected":false},"author":1,"featured_media":4252,"parent":0,"menu_order":0,"comment_status":"closed","ping_status":"closed","template":"","meta":{"_acf_changed":false,"_seopress_robots_primary_cat":"","_seopress_titles_title":"","_seopress_titles_desc":"Our experience in implementation of enterprise grade Linux and Windows based end to end DevOps solutions makes us valuable consulting and implementation partner.","_seopress_robots_index":"","inline_featured_image":false,"_kad_blocks_custom_css":"","_kad_blocks_head_custom_js":"","_kad_blocks_body_custom_js":"","_kad_blocks_footer_custom_js":"","editor_plus_copied_stylings":"{}","footnotes":""},"hf_cat_page":[184],"class_list":["post-4382","page","type-page","status-publish","has-post-thumbnail","hentry"],"acf":[],"taxonomy_info":[],"featured_image_src_large":["https:\/\/cdn.shortpixel.ai\/spai\/q_glossy+ret_img+to_auto\/serengetitech.com\/wp-content\/uploads\/2020\/12\/development-and-operations-colleagues-giving-fist-bump-1024x490.jpg",1024,490,true],"author_info":{"display_name":"Kris","author_link":"https:\/\/serengetitech.com\/de\/author\/kristianpepwebdigital-hr\/"},"comment_info":"","_links":{"self":[{"href":"https:\/\/serengetitech.com\/de\/wp-json\/wp\/v2\/pages\/4382","targetHints":{"allow":["GET"]}}],"collection":[{"href":"https:\/\/serengetitech.com\/de\/wp-json\/wp\/v2\/pages"}],"about":[{"href":"https:\/\/serengetitech.com\/de\/wp-json\/wp\/v2\/types\/page"}],"author":[{"embeddable":true,"href":"https:\/\/serengetitech.com\/de\/wp-json\/wp\/v2\/users\/1"}],"replies":[{"embeddable":true,"href":"https:\/\/serengetitech.com\/de\/wp-json\/wp\/v2\/comments?post=4382"}],"version-history":[{"count":0,"href":"https:\/\/serengetitech.com\/de\/wp-json\/wp\/v2\/pages\/4382\/revisions"}],"wp:featuredmedia":[{"embeddable":true,"href":"https:\/\/serengetitech.com\/de\/wp-json\/wp\/v2\/media\/4252"}],"wp:attachment":[{"href":"https:\/\/serengetitech.com\/de\/wp-json\/wp\/v2\/media?parent=4382"}],"wp:term":[{"taxonomy":"hf_cat_page","embeddable":true,"href":"https:\/\/serengetitech.com\/de\/wp-json\/wp\/v2\/hf_cat_page?post=4382"}],"curies":[{"name":"wp","href":"https:\/\/api.w.org\/{rel}","templated":true}]}}