{"id":4382,"date":"2021-03-04T18:15:53","date_gmt":"2021-03-04T17:15:53","guid":{"rendered":"https:\/\/serengeti.pepwebdigital.hr\/?page_id=4382"},"modified":"2021-04-16T10:41:34","modified_gmt":"2021-04-16T08:41:34","slug":"devops","status":"publish","type":"page","link":"https:\/\/serengetitech.com\/hr\/devops\/","title":{"rendered":"DevOps"},"content":{"rendered":"<h2 class=\"has-text-align-left eplus-w6kpRR text-fade-up wp-block-heading\"><span style=\"color:#13181e\" class=\"has-inline-color\">Transformiranjem na\u010dina na koji razvijate i pru\u017eate usluge mo\u017eete biti agilniji i br\u017ei<\/span><\/h2>\n\n\n<style>.wp-block-kadence-spacer.kt-block-spacer-_e13674-97 .kt-block-spacer{height:16px;}.wp-block-kadence-spacer.kt-block-spacer-_e13674-97 .kt-divider{border-top-width:1px;height:1px;border-top-color:#eee;width:80%;border-top-style:solid;}<\/style>\n<div class=\"wp-block-kadence-spacer aligncenter kt-block-spacer-_e13674-97\"><div class=\"kt-block-spacer kt-block-spacer-halign-center\"><\/div><\/div>\n\n\n<p class=\"has-text-align-left eplus-YJDc7Q text-fade-up text-guten-center eplus-styles-uid-fe3c8c\">Tradicionalno su razvoj proizvoda, testiranje i osiguranje kvalitete podijeljeni u tri razli\u010dita tima koja su grupirana prema odre\u0111enoj stru\u010dnosti: programeri, in\u017eenjeri za testiranje i operativni tim. Odgovornosti svakog odjela precizno su definirane. Iako se to mo\u017ee shvatiti kao dobra stvar, strogo odvajanje zadataka mo\u017ee dovesti do slabe suradnje i lo\u0161e komunikacije.<\/p>\n\n\n<div style=\"height:32px\" aria-hidden=\"true\" class=\"eplus-LnYaCi wp-block-spacer eplus-wrapper\"><\/div>\n\n\n\n<h2 class=\"eplus-OIO1T6 text-fade-up wp-block-heading\"><strong>Skup principa koji kombinira razvoj softvera (Dev) i IT operacije (Ops)<\/strong><\/h2>\n\n\n<style>.wp-block-kadence-spacer.kt-block-spacer-_e13674-97 .kt-block-spacer{height:16px;}.wp-block-kadence-spacer.kt-block-spacer-_e13674-97 .kt-divider{border-top-width:1px;height:1px;border-top-color:#eee;width:80%;border-top-style:solid;}<\/style>\n<div class=\"wp-block-kadence-spacer aligncenter kt-block-spacer-_e13674-97\"><div class=\"kt-block-spacer kt-block-spacer-halign-center\"><\/div><\/div>\n\n\n\n<p class=\"eplus-L3McCi text-fade-up text-guten-center\">Usvajanje DevOps-a mijenja isporuku softvera i postaje standard u raznim industrijama.<\/p>\n\n\n\n<p class=\"eplus-XkWuJS text-fade-up text-guten-center\">Naj\u010de\u0161\u0107i razlozi usvajanja DevOps-a:<\/p>\n\n\n<ul class=\"eplus-OpSKJ8 text-fade-up text-guten-center wp-block-list eplus-styles-uid-30ea95\"><li>Bolja suradnja i komunikacija tima<\/li><li>Br\u017ei razvoj<\/li><li>Vi\u0161e vremena za inovacije<\/li><\/ul>\n\n\n<h3 class=\"has-text-align-center eplus-touTxU wp-block-heading\">U na\u0161em whitepaperu mo\u017eete na\u0107i odgovore na pitanja poput: <\/h3>\n\n\n\n<p class=\"text-fade-up text-guten-center eplus-1Fmnci\">Koja je svrha DevOps-a? <br>Koja su tri glavna elementa uspje\u0161ne implementacije DevOps-a? <br>Koja je veza agilnosti i DevOps-a? <br>\u0160to je \u017eivotni ciklus DevOps-a i koje su prednosti primjene u pojedinim industrijama?<\/p>\n\n\n<div class=\"wp-block-group eplus-wrapper eplus-styles-uid-ab31f6\"><div class=\"wp-block-group__inner-container is-layout-constrained wp-block-group-is-layout-constrained\"><p class=\"button--filled-green has-text-align-center eplus-wrapper eplus-styles-uid-240ec3\"><a href=\"https:\/\/serengetitech.com\/wp-content\/uploads\/2025\/11\/Serengeti-DevOps-WP-N.pdf\" data-type=\"link\" data-id=\"https:\/\/serengetitech.com\/wp-content\/uploads\/2025\/12\/Serengeti_Microservices_CL.pdf\">Preuzmi DevOps Whitepaper<\/a><\/p><\/div><\/div>\n\n\n<div style=\"height:32px\" aria-hidden=\"true\" class=\"eplus-LnYaCi wp-block-spacer eplus-wrapper\"><\/div>\n\n\n\n<h2 class=\"eplus-xpgXJO text-fade-up wp-block-heading\">Na\u0161a ekspertiza<\/h2>\n\n\n<style>.wp-block-kadence-spacer.kt-block-spacer-_e13674-97 .kt-block-spacer{height:16px;}.wp-block-kadence-spacer.kt-block-spacer-_e13674-97 .kt-divider{border-top-width:1px;height:1px;border-top-color:#eee;width:80%;border-top-style:solid;}<\/style>\n<div class=\"wp-block-kadence-spacer aligncenter kt-block-spacer-_e13674-97\"><div class=\"kt-block-spacer kt-block-spacer-halign-center\"><\/div><\/div>\n\n\n\n<p class=\"eplus-cSADXJ text-fade-up text-guten-center\">Ste\u010dena znanja koristimo prilikom savjetovanja klijenata kako bismo im pomogli implementirati inovacije koje se temelje na naprednim tehnolo\u0161kim trendovima.<\/p>\n\n\n\n<p class=\"eplus-h5OrHa text-fade-up text-guten-center\">Iskustvo u implementaciji kompleksnih DevOps rje\u0161enja koji se temelje na Linux i Windows tehnologijama \u010dini nas dragocjenim partnerom za savjetovanje i implementaciju DevOps-a.<\/p>\n\n\n<style>.wp-block-kadence-column.kb-section-dir-horizontal > .kt-inside-inner-col > #kt-info-box_4212ad-07 .kt-blocks-info-box-link-wrap{max-width:unset;}#kt-info-box_4212ad-07 .kt-blocks-info-box-link-wrap{border-radius:20px;border-top-width:1px;border-right-width:1px;border-bottom-width:1px;border-left-width:1px;background:#ffffff;padding-top:24px;padding-right:24px;padding-bottom:24px;padding-left:24px;margin-top:50px;}#kt-info-box_4212ad-07 .kt-blocks-info-box-link-wrap:hover{background:#ffffff;}#kt-info-box_4212ad-07 .kadence-info-box-icon-container .kt-info-svg-icon, #kt-info-box_4212ad-07 .kt-info-svg-icon-flip, #kt-info-box_4212ad-07 .kt-blocks-info-box-number{font-size:50px;}#kt-info-box_4212ad-07 .kt-blocks-info-box-media{color:#43c8a0;background:#ffffff;border-color:#43c8a0;border-radius:200px;overflow:hidden;border-top-width:5px;border-right-width:5px;border-bottom-width:5px;border-left-width:5px;padding-top:20px;padding-right:20px;padding-bottom:20px;padding-left:20px;}#kt-info-box_4212ad-07 .kt-blocks-info-box-media-container{margin-top:-75px;margin-right:0px;margin-bottom:20px;margin-left:0px;}#kt-info-box_4212ad-07 .kt-blocks-info-box-media .kadence-info-box-image-intrisic img{border-radius:200px;}#kt-info-box_4212ad-07 .kt-blocks-info-box-link-wrap:hover .kt-blocks-info-box-media{color:#e3d600;background:#ffffff;border-color:#e3d600;}#kt-info-box_4212ad-07 .kt-blocks-info-box-link-wrap .kt-blocks-info-box-media{border-width:0px;box-shadow:inset 0 0 0 5px #43c8a0;}#kt-info-box_4212ad-07 .kt-blocks-info-box-link-wrap .kt-blocks-info-box-media:before, #kt-info-box_4212ad-07 .kt-blocks-info-box-link-wrap .kt-blocks-info-box-media:after{border-radius:200px;}#kt-info-box_4212ad-07 .kt-blocks-info-box-link-wrap .kt-blocks-info-box-media:before{border-width:5px;}#kt-info-box_4212ad-07 .kt-blocks-info-box-link-wrap:hover .kt-blocks-info-box-media:after{border-right-color:#e3d600;border-right-width:5px;border-top-width:5px;border-bottom-width:5px;}#kt-info-box_4212ad-07 .kt-blocks-info-box-link-wrap:hover .kt-blocks-info-box-media:before{border-top-color:#e3d600;border-right-color:#e3d600;border-bottom-color:#e3d600;}#kt-info-box_4212ad-07 .kt-infobox-textcontent h3.kt-blocks-info-box-title{padding-top:0px;padding-right:0px;padding-bottom:0px;padding-left:0px;margin-top:5px;margin-right:0px;margin-bottom:10px;margin-left:0px;}#kt-info-box_4212ad-07 .kt-blocks-info-box-learnmore{background:transparent;border-width:0px 0px 0px 0px;padding-top:4px;padding-right:8px;padding-bottom:4px;padding-left:8px;margin-top:10px;margin-right:0px;margin-bottom:10px;margin-left:0px;}<\/style>\n<div id=\"kt-info-box_4212ad-07\" class=\"wp-block-kadence-infobox text-guten-center\"><a class=\"kt-blocks-info-box-link-wrap info-box-link kt-blocks-info-box-media-align-top kt-info-halign-center\" href=\"https:\/\/serengetitech.com\/wp-content\/uploads\/2020\/12\/Serengeti-Swissphone-Case-Study_DevOps-implementation-for-improved-business-agility.pdf\"><div class=\"kt-blocks-info-box-media-container\"><div class=\"kt-blocks-info-box-media kt-info-media-animate-drawborder\"><div class=\"kadence-info-box-icon-container kt-info-icon-animate-drawborder\"><div class=\"kadence-info-box-icon-inner-container\"><span style=\"display:block;justify-content:center;align-items:center\" class=\"kt-info-svg-icon kt-info-svg-icon-fas_file-download\"><svg style=\"display:inline-block;vertical-align:middle\" viewbox=\"0 0 384 512\" height=\"50\" width=\"50\" fill=\"currentColor\" xmlns=\"http:\/\/www.w3.org\/2000\/svg\"><path d=\"M224 136V0H24C10.7 0 0 10.7 0 24v464c0 13.3 10.7 24 24 24h336c13.3 0 24-10.7 24-24V160H248c-13.2 0-24-10.8-24-24zm76.45 211.36l-96.42 95.7c-6.65 6.61-17.39 6.61-24.04 0l-96.42-95.7C73.42 337.29 80.54 320 94.82 320H160v-80c0-8.84 7.16-16 16-16h32c8.84 0 16 7.16 16 16v80h65.18c14.28 0 21.4 17.29 11.27 27.36zM377 105L279.1 7c-4.5-4.5-10.6-7-17-7H256v128h128v-6.1c0-6.3-2.5-12.4-7-16.9z\"><\/path><\/svg><\/span><\/div><\/div><\/div><\/div><div class=\"kt-infobox-textcontent\"><h3 class=\"kt-blocks-info-box-title\">Referentna pri\u010da<\/h3><p class=\"kt-blocks-info-box-text\">Swissphone je iskoristio DevOps kako bi postali agilniji i uz to primjenili nove tehnologije.<\/p><\/div><\/a><\/div>\n\n\n<style>.wp-block-kadence-spacer.kt-block-spacer-_e13674-97 .kt-block-spacer{height:16px;}.wp-block-kadence-spacer.kt-block-spacer-_e13674-97 .kt-divider{border-top-width:1px;height:1px;border-top-color:#eee;width:80%;border-top-style:solid;}<\/style>\n<div class=\"wp-block-kadence-spacer aligncenter kt-block-spacer-_e13674-97\"><div class=\"kt-block-spacer kt-block-spacer-halign-center\"><\/div><\/div>\n\n\n<style>.wp-block-kadence-column.kb-section-dir-horizontal > .kt-inside-inner-col > #kt-info-box_6b1099-60 .kt-blocks-info-box-link-wrap{max-width:unset;}#kt-info-box_6b1099-60 .kt-blocks-info-box-link-wrap{border-radius:20px;border-top-width:1px;border-right-width:1px;border-bottom-width:1px;border-left-width:1px;background:#ffffff;padding-top:24px;padding-right:24px;padding-bottom:24px;padding-left:24px;margin-top:50px;}#kt-info-box_6b1099-60 .kt-blocks-info-box-link-wrap:hover{background:#ffffff;}#kt-info-box_6b1099-60 .kadence-info-box-icon-container .kt-info-svg-icon, #kt-info-box_6b1099-60 .kt-info-svg-icon-flip, #kt-info-box_6b1099-60 .kt-blocks-info-box-number{font-size:50px;}#kt-info-box_6b1099-60 .kt-blocks-info-box-media{color:#43c8a0;background:#ffffff;border-color:#43c8a0;border-radius:200px;overflow:hidden;border-top-width:5px;border-right-width:5px;border-bottom-width:5px;border-left-width:5px;padding-top:20px;padding-right:20px;padding-bottom:20px;padding-left:20px;}#kt-info-box_6b1099-60 .kt-blocks-info-box-media-container{margin-top:-75px;margin-right:0px;margin-bottom:20px;margin-left:0px;}#kt-info-box_6b1099-60 .kt-blocks-info-box-media .kadence-info-box-image-intrisic img{border-radius:200px;}#kt-info-box_6b1099-60 .kt-blocks-info-box-link-wrap:hover .kt-blocks-info-box-media{color:#e3d600;background:#ffffff;border-color:#e3d600;}#kt-info-box_6b1099-60 .kt-infobox-textcontent h3.kt-blocks-info-box-title{color:#393335;padding-top:0px;padding-right:0px;padding-bottom:0px;padding-left:0px;margin-top:5px;margin-right:0px;margin-bottom:10px;margin-left:0px;}#kt-info-box_6b1099-60 .kt-blocks-info-box-learnmore{background:transparent;border-width:0px 0px 0px 0px;padding-top:4px;padding-right:8px;padding-bottom:4px;padding-left:8px;margin-top:10px;margin-right:0px;margin-bottom:10px;margin-left:0px;}<\/style>\n<div id=\"kt-info-box_6b1099-60\" class=\"wp-block-kadence-infobox text-guten-center\"><a class=\"kt-blocks-info-box-link-wrap info-box-link kt-blocks-info-box-media-align-top kt-info-halign-center\" href=\"https:\/\/serengetitech.com\/hr\/o-nama\/case-studies-and-client-testimonials\/mpsi-devops-principles-for-accelerated-business-growth\/\"><div class=\"kt-blocks-info-box-media-container\"><div class=\"kt-blocks-info-box-media kt-info-media-animate-none\"><div class=\"kadence-info-box-icon-container kt-info-icon-animate-none\"><div class=\"kadence-info-box-icon-inner-container\"><span style=\"display:block;justify-content:center;align-items:center\" class=\"kt-info-svg-icon kt-info-svg-icon-fas_book-reader\"><svg style=\"display:inline-block;vertical-align:middle\" viewbox=\"0 0 512 512\" height=\"50\" width=\"50\" fill=\"currentColor\" xmlns=\"http:\/\/www.w3.org\/2000\/svg\"><path d=\"M352 96c0-53.02-42.98-96-96-96s-96 42.98-96 96 42.98 96 96 96 96-42.98 96-96zM233.59 241.1c-59.33-36.32-155.43-46.3-203.79-49.05C13.55 191.13 0 203.51 0 219.14v222.8c0 14.33 11.59 26.28 26.49 27.05 43.66 2.29 131.99 10.68 193.04 41.43 9.37 4.72 20.48-1.71 20.48-11.87V252.56c-.01-4.67-2.32-8.95-6.42-11.46zm248.61-49.05c-48.35 2.74-144.46 12.73-203.78 49.05-4.1 2.51-6.41 6.96-6.41 11.63v245.79c0 10.19 11.14 16.63 20.54 11.9 61.04-30.72 149.32-39.11 192.97-41.4 14.9-.78 26.49-12.73 26.49-27.06V219.14c-.01-15.63-13.56-28.01-29.81-27.09z\"><\/path><\/svg><\/span><\/div><\/div><\/div><\/div><div class=\"kt-infobox-textcontent\"><h3 class=\"kt-blocks-info-box-title\">Referentna pri\u010da<\/h3><p class=\"kt-blocks-info-box-text\">IoT poti\u010de u\u010dinkovitost i otvara nove izvore prihoda<\/p><\/div><\/a><\/div>\n\n\n<style>.wp-block-kadence-spacer.kt-block-spacer-_e13674-97 .kt-block-spacer{height:16px;}.wp-block-kadence-spacer.kt-block-spacer-_e13674-97 .kt-divider{border-top-width:1px;height:1px;border-top-color:#eee;width:80%;border-top-style:solid;}<\/style>\n<div class=\"wp-block-kadence-spacer aligncenter kt-block-spacer-_e13674-97\"><div class=\"kt-block-spacer kt-block-spacer-halign-center\"><\/div><\/div>\n\n\n<style>.wp-block-kadence-column.kb-section-dir-horizontal > .kt-inside-inner-col > #kt-info-box_d7618f-bd .kt-blocks-info-box-link-wrap{max-width:unset;}#kt-info-box_d7618f-bd .kt-blocks-info-box-link-wrap{border-radius:20px;border-top-width:1px;border-right-width:1px;border-bottom-width:1px;border-left-width:1px;background:#ffffff;padding-top:24px;padding-right:24px;padding-bottom:24px;padding-left:24px;margin-top:50px;}#kt-info-box_d7618f-bd .kt-blocks-info-box-link-wrap:hover{background:#ffffff;}#kt-info-box_d7618f-bd .kadence-info-box-icon-container .kt-info-svg-icon, #kt-info-box_d7618f-bd .kt-info-svg-icon-flip, #kt-info-box_d7618f-bd .kt-blocks-info-box-number{font-size:50px;}#kt-info-box_d7618f-bd .kt-blocks-info-box-media{color:#43c8a0;background:#ffffff;border-color:#43c8a0;border-radius:200px;overflow:hidden;border-top-width:5px;border-right-width:5px;border-bottom-width:5px;border-left-width:5px;padding-top:20px;padding-right:20px;padding-bottom:20px;padding-left:20px;}#kt-info-box_d7618f-bd .kt-blocks-info-box-media-container{margin-top:-75px;margin-right:0px;margin-bottom:20px;margin-left:0px;}#kt-info-box_d7618f-bd .kt-blocks-info-box-media .kadence-info-box-image-intrisic img{border-radius:200px;}#kt-info-box_d7618f-bd .kt-blocks-info-box-link-wrap:hover .kt-blocks-info-box-media{color:#e3d600;background:#ffffff;border-color:#e3d600;}#kt-info-box_d7618f-bd .kt-infobox-textcontent h3.kt-blocks-info-box-title{padding-top:0px;padding-right:0px;padding-bottom:0px;padding-left:0px;margin-top:5px;margin-right:0px;margin-bottom:10px;margin-left:0px;}#kt-info-box_d7618f-bd .kt-blocks-info-box-learnmore{background:transparent;border-width:0px 0px 0px 0px;padding-top:4px;padding-right:8px;padding-bottom:4px;padding-left:8px;margin-top:10px;margin-right:0px;margin-bottom:10px;margin-left:0px;}<\/style>\n<div id=\"kt-info-box_d7618f-bd\" class=\"wp-block-kadence-infobox text-guten-center\"><a class=\"kt-blocks-info-box-link-wrap info-box-link kt-blocks-info-box-media-align-top kt-info-halign-center\" href=\"https:\/\/serengetitech.com\/hr\/o-nama\/case-studies-and-client-testimonials\/innovation-and-delivery-in-energy-industry\/\"><div class=\"kt-blocks-info-box-media-container\"><div class=\"kt-blocks-info-box-media kt-info-media-animate-none\"><div class=\"kadence-info-box-icon-container kt-info-icon-animate-none\"><div class=\"kadence-info-box-icon-inner-container\"><span style=\"display:block;justify-content:center;align-items:center\" class=\"kt-info-svg-icon kt-info-svg-icon-fas_book-reader\"><svg style=\"display:inline-block;vertical-align:middle\" viewbox=\"0 0 512 512\" height=\"50\" width=\"50\" fill=\"currentColor\" xmlns=\"http:\/\/www.w3.org\/2000\/svg\"><path d=\"M352 96c0-53.02-42.98-96-96-96s-96 42.98-96 96 42.98 96 96 96 96-42.98 96-96zM233.59 241.1c-59.33-36.32-155.43-46.3-203.79-49.05C13.55 191.13 0 203.51 0 219.14v222.8c0 14.33 11.59 26.28 26.49 27.05 43.66 2.29 131.99 10.68 193.04 41.43 9.37 4.72 20.48-1.71 20.48-11.87V252.56c-.01-4.67-2.32-8.95-6.42-11.46zm248.61-49.05c-48.35 2.74-144.46 12.73-203.78 49.05-4.1 2.51-6.41 6.96-6.41 11.63v245.79c0 10.19 11.14 16.63 20.54 11.9 61.04-30.72 149.32-39.11 192.97-41.4 14.9-.78 26.49-12.73 26.49-27.06V219.14c-.01-15.63-13.56-28.01-29.81-27.09z\"><\/path><\/svg><\/span><\/div><\/div><\/div><\/div><div class=\"kt-infobox-textcontent\"><h3 class=\"kt-blocks-info-box-title\">Referentna pri\u010da <\/h3><p class=\"kt-blocks-info-box-text\">Inovacije u energetskom sektoru<\/p><\/div><\/a><\/div>\n\n\n<style>.wp-block-kadence-spacer.kt-block-spacer-_e13674-97 .kt-block-spacer{height:16px;}.wp-block-kadence-spacer.kt-block-spacer-_e13674-97 .kt-divider{border-top-width:1px;height:1px;border-top-color:#eee;width:80%;border-top-style:solid;}<\/style>\n<div class=\"wp-block-kadence-spacer aligncenter kt-block-spacer-_e13674-97\"><div class=\"kt-block-spacer kt-block-spacer-halign-center\"><\/div><\/div>\n\n\n\n<p class=\"eplus-5xVdv4 text-fade-up text-guten-center\">Za vi\u0161e primjera projekata na kojima su kori\u0161teni DevOps principi i alati za postizanje boljih rezultata, preuzmite na\u0161 whitepaper:<\/p>\n\n\n<div class=\"wp-block-group eplus-wrapper eplus-styles-uid-ab31f6\"><div class=\"wp-block-group__inner-container is-layout-constrained wp-block-group-is-layout-constrained\"><p class=\"button--filled-green has-text-align-center eplus-wrapper eplus-styles-uid-240ec3\"><a href=\"https:\/\/serengetitech.com\/wp-content\/uploads\/2025\/11\/Serengeti-DevOps-proof-WP-N.pdf\" data-type=\"link\" data-id=\"https:\/\/serengetitech.com\/wp-content\/uploads\/2025\/12\/Serengeti_Microservices_CL.pdf\">Preuzmite DevOps Proof of Expertise<\/a><\/p><\/div><\/div>","protected":false},"excerpt":{"rendered":"<p>Be More Agile and Faster by Transforming the Way You Develop and Deliver Services Traditionally, product development, testing, and QA were the responsibilities of three different organizational teams, grouped by specific expertise: developers, testing engineers, and the operations team. The responsibilities of each department have been precisely defined. Although it can be perceived as a [&hellip;]<\/p>\n","protected":false},"author":1,"featured_media":4252,"parent":0,"menu_order":0,"comment_status":"closed","ping_status":"closed","template":"","meta":{"_acf_changed":false,"_seopress_robots_primary_cat":"","_seopress_titles_title":"","_seopress_titles_desc":"Our experience in implementation of enterprise grade Linux and Windows based end to end DevOps solutions makes us valuable consulting and implementation partner.","_seopress_robots_index":"","inline_featured_image":false,"_kad_blocks_custom_css":"","_kad_blocks_head_custom_js":"","_kad_blocks_body_custom_js":"","_kad_blocks_footer_custom_js":"","editor_plus_copied_stylings":"{}","footnotes":""},"hf_cat_page":[184],"class_list":["post-4382","page","type-page","status-publish","has-post-thumbnail","hentry"],"acf":[],"taxonomy_info":[],"featured_image_src_large":["https:\/\/cdn.shortpixel.ai\/spai\/q_glossy+ret_img+to_auto\/serengetitech.com\/wp-content\/uploads\/2020\/12\/development-and-operations-colleagues-giving-fist-bump-1024x490.jpg",1024,490,true],"author_info":{"display_name":"Kris","author_link":"https:\/\/serengetitech.com\/hr\/author\/kristianpepwebdigital-hr\/"},"comment_info":"","_links":{"self":[{"href":"https:\/\/serengetitech.com\/hr\/wp-json\/wp\/v2\/pages\/4382","targetHints":{"allow":["GET"]}}],"collection":[{"href":"https:\/\/serengetitech.com\/hr\/wp-json\/wp\/v2\/pages"}],"about":[{"href":"https:\/\/serengetitech.com\/hr\/wp-json\/wp\/v2\/types\/page"}],"author":[{"embeddable":true,"href":"https:\/\/serengetitech.com\/hr\/wp-json\/wp\/v2\/users\/1"}],"replies":[{"embeddable":true,"href":"https:\/\/serengetitech.com\/hr\/wp-json\/wp\/v2\/comments?post=4382"}],"version-history":[{"count":0,"href":"https:\/\/serengetitech.com\/hr\/wp-json\/wp\/v2\/pages\/4382\/revisions"}],"wp:featuredmedia":[{"embeddable":true,"href":"https:\/\/serengetitech.com\/hr\/wp-json\/wp\/v2\/media\/4252"}],"wp:attachment":[{"href":"https:\/\/serengetitech.com\/hr\/wp-json\/wp\/v2\/media?parent=4382"}],"wp:term":[{"taxonomy":"hf_cat_page","embeddable":true,"href":"https:\/\/serengetitech.com\/hr\/wp-json\/wp\/v2\/hf_cat_page?post=4382"}],"curies":[{"name":"wp","href":"https:\/\/api.w.org\/{rel}","templated":true}]}}